{"id":181,"date":"2024-02-01T14:31:03","date_gmt":"2024-02-01T14:31:03","guid":{"rendered":"https:\/\/sandbox.villaverdetrieste.it\/?page_id=181"},"modified":"2024-11-27T15:15:12","modified_gmt":"2024-11-27T15:15:12","slug":"residenza","status":"publish","type":"page","link":"https:\/\/villaverdetrieste.it\/?page_id=181","title":{"rendered":"Residenza"},"content":{"rendered":"\t\t<div data-elementor-type=\"wp-page\" data-elementor-id=\"181\" class=\"elementor elementor-181\" data-elementor-post-type=\"page\">\n\t\t\t\t\t\t<section class=\"elementor-section elementor-top-section elementor-element elementor-element-14cc486d elementor-section-boxed elementor-section-height-default elementor-section-height-default\" data-id=\"14cc486d\" data-element_type=\"section\" data-settings=\"{&quot;background_background&quot;:&quot;classic&quot;}\">\n\t\t\t\t\t\t\t<div class=\"elementor-background-overlay\"><\/div>\n\t\t\t\t\t\t\t<div class=\"elementor-container elementor-column-gap-default\">\n\t\t\t\t\t<div class=\"elementor-column elementor-col-100 elementor-top-column elementor-element elementor-element-f817aba\" data-id=\"f817aba\" data-element_type=\"column\">\n\t\t\t<div class=\"elementor-widget-wrap elementor-element-populated\">\n\t\t\t\t\t\t<div class=\"elementor-element elementor-element-685fdb9d elementor-widget elementor-widget-heading\" data-id=\"685fdb9d\" data-element_type=\"widget\" data-widget_type=\"heading.default\">\n\t\t\t\t<div class=\"elementor-widget-container\">\n\t\t\t<h1 class=\"elementor-heading-title elementor-size-default\">La residenza<\/h1>\t\t<\/div>\n\t\t\t\t<\/div>\n\t\t\t\t<div class=\"elementor-element elementor-element-5b5dbae3 elementor-widget elementor-widget-heading\" data-id=\"5b5dbae3\" data-element_type=\"widget\" data-widget_type=\"heading.default\">\n\t\t\t\t<div class=\"elementor-widget-container\">\n\t\t\t<p class=\"elementor-heading-title elementor-size-default\">Villa Verde offre un servizio di assistenza a 360\u00b0, facciamo sentire a casa le persone che ci hanno scelto.<\/p>\t\t<\/div>\n\t\t\t\t<\/div>\n\t\t\t\t\t<\/div>\n\t\t<\/div>\n\t\t\t\t\t<\/div>\n\t\t<\/section>\n\t\t\t\t<section class=\"elementor-section elementor-top-section elementor-element elementor-element-2c65489 elementor-section-content-middle elementor-section-boxed elementor-section-height-default elementor-section-height-default\" data-id=\"2c65489\" data-element_type=\"section\">\n\t\t\t\t\t\t<div class=\"elementor-container elementor-column-gap-wider\">\n\t\t\t\t\t<div class=\"elementor-column elementor-col-50 elementor-top-column elementor-element elementor-element-c0699ad\" data-id=\"c0699ad\" data-element_type=\"column\">\n\t\t\t<div class=\"elementor-widget-wrap elementor-element-populated\">\n\t\t\t\t\t\t<div class=\"elementor-element elementor-element-63c333c elementor-widget elementor-widget-heading\" data-id=\"63c333c\" data-element_type=\"widget\" data-widget_type=\"heading.default\">\n\t\t\t\t<div class=\"elementor-widget-container\">\n\t\t\t<h2 class=\"elementor-heading-title elementor-size-default\">La nostra <i><u>storia<\/u><\/i><\/h2>\t\t<\/div>\n\t\t\t\t<\/div>\n\t\t\t\t<div class=\"elementor-element elementor-element-a8b4123 elementor-widget elementor-widget-text-editor\" data-id=\"a8b4123\" data-element_type=\"widget\" data-widget_type=\"text-editor.default\">\n\t\t\t\t<div class=\"elementor-widget-container\">\n\t\t\t\t\t\t\t<p style=\"text-align: justify;\">La Residenza Polifunzionale \u00e8 ubicata in una classica villa d\u2019epoca, ampliata per la prima volta nel 2004 e, successivamente, nel 2018. Durante la ristrutturazione dell\u2019edificio abbiamo voluto\napplicare i pi\u00f9 moderni canoni dell\u2019edilizia residenziale specializzata, conservando il calore e l\u2019accoglienza di \u201ccasa\u201d per rendere il soggiorno dei nostri residenti ancora pi\u00f9 confortevole.<\/p>\t\t\t\t\t\t<\/div>\n\t\t\t\t<\/div>\n\t\t\t\t\t<\/div>\n\t\t<\/div>\n\t\t\t\t<div class=\"elementor-column elementor-col-50 elementor-top-column elementor-element elementor-element-90450a5\" data-id=\"90450a5\" data-element_type=\"column\">\n\t\t\t<div class=\"elementor-widget-wrap elementor-element-populated\">\n\t\t\t\t\t\t<div class=\"elementor-element elementor-element-65bb2f4 elementor-widget elementor-widget-image\" data-id=\"65bb2f4\" data-element_type=\"widget\" data-widget_type=\"image.default\">\n\t\t\t\t<div class=\"elementor-widget-container\">\n\t\t\t\t\t\t\t\t\t\t\t\t\t<img fetchpriority=\"high\" decoding=\"async\" width=\"800\" height=\"450\" src=\"https:\/\/villaverdetrieste.it\/wp-content\/uploads\/2024\/01\/esterno-1024x576.jpg\" class=\"attachment-large size-large wp-image-13\" alt=\"\" srcset=\"https:\/\/villaverdetrieste.it\/wp-content\/uploads\/2024\/01\/esterno-1024x576.jpg 1024w, https:\/\/villaverdetrieste.it\/wp-content\/uploads\/2024\/01\/esterno-300x169.jpg 300w, https:\/\/villaverdetrieste.it\/wp-content\/uploads\/2024\/01\/esterno-768x432.jpg 768w, https:\/\/villaverdetrieste.it\/wp-content\/uploads\/2024\/01\/esterno-1536x864.jpg 1536w, https:\/\/villaverdetrieste.it\/wp-content\/uploads\/2024\/01\/esterno.jpg 1920w\" sizes=\"(max-width: 800px) 100vw, 800px\" \/>\t\t\t\t\t\t\t\t\t\t\t\t\t<\/div>\n\t\t\t\t<\/div>\n\t\t\t\t\t<\/div>\n\t\t<\/div>\n\t\t\t\t\t<\/div>\n\t\t<\/section>\n\t\t\t\t<section class=\"elementor-section elementor-top-section elementor-element elementor-element-5433bab elementor-section-boxed elementor-section-height-default elementor-section-height-default\" data-id=\"5433bab\" data-element_type=\"section\" data-settings=\"{&quot;background_background&quot;:&quot;classic&quot;}\">\n\t\t\t\t\t\t\t<div class=\"elementor-background-overlay\"><\/div>\n\t\t\t\t\t\t\t<div class=\"elementor-container elementor-column-gap-default\">\n\t\t\t\t\t<div class=\"elementor-column elementor-col-100 elementor-top-column elementor-element elementor-element-333095a\" data-id=\"333095a\" data-element_type=\"column\">\n\t\t\t<div class=\"elementor-widget-wrap elementor-element-populated\">\n\t\t\t\t\t\t<div class=\"elementor-element elementor-element-bdfea7b elementor-widget elementor-widget-heading\" data-id=\"bdfea7b\" data-element_type=\"widget\" data-widget_type=\"heading.default\">\n\t\t\t\t<div class=\"elementor-widget-container\">\n\t\t\t<p class=\"elementor-heading-title elementor-size-default\">\u201cVogliamo conservare il calore e l\u2019accoglienza di casa, per un soggiorno sicuro e\nconfortevole\u201d<\/p>\t\t<\/div>\n\t\t\t\t<\/div>\n\t\t\t\t\t<\/div>\n\t\t<\/div>\n\t\t\t\t\t<\/div>\n\t\t<\/section>\n\t\t\t\t<section class=\"elementor-section elementor-top-section elementor-element elementor-element-95e8fc8 elementor-section-content-middle elementor-section-boxed elementor-section-height-default elementor-section-height-default\" data-id=\"95e8fc8\" data-element_type=\"section\">\n\t\t\t\t\t\t<div class=\"elementor-container elementor-column-gap-wider\">\n\t\t\t\t\t<div class=\"elementor-column elementor-col-50 elementor-top-column elementor-element elementor-element-a540b19\" data-id=\"a540b19\" data-element_type=\"column\">\n\t\t\t<div class=\"elementor-widget-wrap elementor-element-populated\">\n\t\t\t\t\t\t<div class=\"elementor-element elementor-element-00fd33c elementor-widget elementor-widget-image\" data-id=\"00fd33c\" data-element_type=\"widget\" data-widget_type=\"image.default\">\n\t\t\t\t<div class=\"elementor-widget-container\">\n\t\t\t\t\t\t\t\t\t\t\t\t\t<img decoding=\"async\" width=\"800\" height=\"600\" src=\"https:\/\/villaverdetrieste.it\/wp-content\/uploads\/2024\/01\/gioco-1024x768.jpg\" class=\"attachment-large size-large wp-image-16\" alt=\"\" srcset=\"https:\/\/villaverdetrieste.it\/wp-content\/uploads\/2024\/01\/gioco-1024x768.jpg 1024w, https:\/\/villaverdetrieste.it\/wp-content\/uploads\/2024\/01\/gioco-300x225.jpg 300w, https:\/\/villaverdetrieste.it\/wp-content\/uploads\/2024\/01\/gioco-768x576.jpg 768w, https:\/\/villaverdetrieste.it\/wp-content\/uploads\/2024\/01\/gioco.jpg 1400w\" sizes=\"(max-width: 800px) 100vw, 800px\" \/>\t\t\t\t\t\t\t\t\t\t\t\t\t<\/div>\n\t\t\t\t<\/div>\n\t\t\t\t\t<\/div>\n\t\t<\/div>\n\t\t\t\t<div class=\"elementor-column elementor-col-50 elementor-top-column elementor-element elementor-element-afe1aaa\" data-id=\"afe1aaa\" data-element_type=\"column\">\n\t\t\t<div class=\"elementor-widget-wrap elementor-element-populated\">\n\t\t\t\t\t\t<div class=\"elementor-element elementor-element-c99ddde elementor-widget elementor-widget-heading\" data-id=\"c99ddde\" data-element_type=\"widget\" data-widget_type=\"heading.default\">\n\t\t\t\t<div class=\"elementor-widget-container\">\n\t\t\t<h2 class=\"elementor-heading-title elementor-size-default\">La nostra <i><u>mission<\/u><\/i><\/h2>\t\t<\/div>\n\t\t\t\t<\/div>\n\t\t\t\t<div class=\"elementor-element elementor-element-4369374 elementor-widget elementor-widget-text-editor\" data-id=\"4369374\" data-element_type=\"widget\" data-widget_type=\"text-editor.default\">\n\t\t\t\t<div class=\"elementor-widget-container\">\n\t\t\t\t\t\t\tAi nostri ospiti viene offerto un supporto sanitario attento, senza dimenticare il supporto umano\ndato da professionisti e un ambiente sereno e piacevole. La nostra missione \u00e8 quella di\nrappresentare un\u2019eccellenza per il territorio, mirando a garantire il pieno rispetto delle normative\nregionali del Friuli Venezia Giulia. Poniamo quindi l\u2019ospite al primo posto, rispettandone sempre le\nnecessit\u00e0.\t\t\t\t\t\t<\/div>\n\t\t\t\t<\/div>\n\t\t\t\t\t<\/div>\n\t\t<\/div>\n\t\t\t\t\t<\/div>\n\t\t<\/section>\n\t\t\t\t<section class=\"elementor-section elementor-top-section elementor-element elementor-element-8eea2b1 elementor-section-boxed elementor-section-height-default elementor-section-height-default\" data-id=\"8eea2b1\" data-element_type=\"section\" data-settings=\"{&quot;background_background&quot;:&quot;classic&quot;}\">\n\t\t\t\t\t\t\t<div class=\"elementor-background-overlay\"><\/div>\n\t\t\t\t\t\t\t<div class=\"elementor-container elementor-column-gap-default\">\n\t\t\t\t\t<div class=\"elementor-column elementor-col-100 elementor-top-column elementor-element elementor-element-a79439f\" data-id=\"a79439f\" data-element_type=\"column\">\n\t\t\t<div class=\"elementor-widget-wrap elementor-element-populated\">\n\t\t\t\t\t\t<div class=\"elementor-element elementor-element-24f11a1 elementor-widget elementor-widget-heading\" data-id=\"24f11a1\" data-element_type=\"widget\" data-widget_type=\"heading.default\">\n\t\t\t\t<div class=\"elementor-widget-container\">\n\t\t\t<p class=\"elementor-heading-title elementor-size-default\">\u201cLa nostra missione \u00e8 quella di rappresentare un\u2019eccellenza per il territorio, ponendo l\u2019ospite sempre al primo posto\u201d<\/p>\t\t<\/div>\n\t\t\t\t<\/div>\n\t\t\t\t\t<\/div>\n\t\t<\/div>\n\t\t\t\t\t<\/div>\n\t\t<\/section>\n\t\t\t\t<section class=\"elementor-section elementor-top-section elementor-element elementor-element-1d9ed21 elementor-section-content-middle elementor-section-boxed elementor-section-height-default elementor-section-height-default\" data-id=\"1d9ed21\" data-element_type=\"section\">\n\t\t\t\t\t\t<div class=\"elementor-container elementor-column-gap-wider\">\n\t\t\t\t\t<div class=\"elementor-column elementor-col-50 elementor-top-column elementor-element elementor-element-90e59cb\" data-id=\"90e59cb\" data-element_type=\"column\">\n\t\t\t<div class=\"elementor-widget-wrap elementor-element-populated\">\n\t\t\t\t\t\t<div class=\"elementor-element elementor-element-132e6f3 elementor-widget elementor-widget-heading\" data-id=\"132e6f3\" data-element_type=\"widget\" data-widget_type=\"heading.default\">\n\t\t\t\t<div class=\"elementor-widget-container\">\n\t\t\t<h2 class=\"elementor-heading-title elementor-size-default\">La nostra <u><i>struttura<\/i><\/u><\/h2>\t\t<\/div>\n\t\t\t\t<\/div>\n\t\t\t\t<div class=\"elementor-element elementor-element-c068e68 elementor-widget elementor-widget-text-editor\" data-id=\"c068e68\" data-element_type=\"widget\" data-widget_type=\"text-editor.default\">\n\t\t\t\t<div class=\"elementor-widget-container\">\n\t\t\t\t\t\t\tLa struttura \u00e8 situata sull\u2019altopiano carsico a Duino Aurisina, nelle immediate vicinanze di Trieste, in localit\u00e0 Santa Croce 12. La residenza \u00e8 immersa nel verde e favorita da un clima che offre tranquillit\u00e0 e un alto grado di comfort a chi vi soggiorna. \u00c8 facilmente raggiungibile sia in auto che con i mezzi pubblici di Trieste Trasporti (Linea 44) ed \u00e8 ben collegata alle altre province territoriali\nattraverso l\u2019autostrada A4.\t\t\t\t\t\t<\/div>\n\t\t\t\t<\/div>\n\t\t\t\t\t<\/div>\n\t\t<\/div>\n\t\t\t\t<div class=\"elementor-column elementor-col-50 elementor-top-column elementor-element elementor-element-7da2689\" data-id=\"7da2689\" data-element_type=\"column\" data-settings=\"{&quot;background_background&quot;:&quot;classic&quot;}\">\n\t\t\t<div class=\"elementor-widget-wrap elementor-element-populated\">\n\t\t\t\t\t\t<div class=\"elementor-element elementor-element-1ebde1d elementor-widget elementor-widget-heading\" data-id=\"1ebde1d\" data-element_type=\"widget\" data-widget_type=\"heading.default\">\n\t\t\t\t<div class=\"elementor-widget-container\">\n\t\t\t<h1 class=\"elementor-heading-title elementor-size-default\">Informazioni tecniche<\/h1>\t\t<\/div>\n\t\t\t\t<\/div>\n\t\t\t\t<div class=\"elementor-element elementor-element-35acbea elementor-widget elementor-widget-text-editor\" data-id=\"35acbea\" data-element_type=\"widget\" data-widget_type=\"text-editor.default\">\n\t\t\t\t<div class=\"elementor-widget-container\">\n\t\t\t\t\t\t\t<p>Villa Verde \u00e8 una residenza per anziani di 2\u00b0 Livello nuclei N3, convenzionata con la Regione Friuli Venezia Giulia e con l\u2019Azienda per i Servizi Sanitari N\u00b01 \u201c Triestina\u201d (DP Reg144\/15). Villa Verde si propone come struttura aperta e come parte integrante della rete dei servizi socio-sanitari e assistenziali del territorio di Trieste.<\/p>\t\t\t\t\t\t<\/div>\n\t\t\t\t<\/div>\n\t\t\t\t\t<\/div>\n\t\t<\/div>\n\t\t\t\t\t<\/div>\n\t\t<\/section>\n\t\t\t\t<section class=\"elementor-section elementor-top-section elementor-element elementor-element-3c789892 elementor-section-stretched elementor-section-boxed elementor-section-height-default elementor-section-height-default\" data-id=\"3c789892\" data-element_type=\"section\" data-settings=\"{&quot;stretch_section&quot;:&quot;section-stretched&quot;,&quot;background_background&quot;:&quot;classic&quot;}\">\n\t\t\t\t\t\t\t<div class=\"elementor-background-overlay\"><\/div>\n\t\t\t\t\t\t\t<div class=\"elementor-container elementor-column-gap-default\">\n\t\t\t\t\t<div class=\"elementor-column elementor-col-100 elementor-top-column elementor-element elementor-element-6e761a49\" data-id=\"6e761a49\" data-element_type=\"column\">\n\t\t\t<div class=\"elementor-widget-wrap elementor-element-populated\">\n\t\t\t\t\t\t<div class=\"elementor-element elementor-element-5b690787 elementor-widget elementor-widget-heading\" data-id=\"5b690787\" data-element_type=\"widget\" data-widget_type=\"heading.default\">\n\t\t\t\t<div class=\"elementor-widget-container\">\n\t\t\t<h1 class=\"elementor-heading-title elementor-size-default\">Prenota subito la tua visita<br>alla nostra struttura.<\/h1>\t\t<\/div>\n\t\t\t\t<\/div>\n\t\t\t\t<div class=\"elementor-element elementor-element-468cb33 elementor-widget elementor-widget-spacer\" data-id=\"468cb33\" data-element_type=\"widget\" data-widget_type=\"spacer.default\">\n\t\t\t\t<div class=\"elementor-widget-container\">\n\t\t\t\t\t<div class=\"elementor-spacer\">\n\t\t\t<div class=\"elementor-spacer-inner\"><\/div>\n\t\t<\/div>\n\t\t\t\t<\/div>\n\t\t\t\t<\/div>\n\t\t\t\t<div class=\"elementor-element elementor-element-20a3e126 elementor-align-center elementor-widget elementor-widget-button\" data-id=\"20a3e126\" data-element_type=\"widget\" data-widget_type=\"button.default\">\n\t\t\t\t<div class=\"elementor-widget-container\">\n\t\t\t\t\t\t\t<div class=\"elementor-button-wrapper\">\n\t\t\t\t\t<a class=\"elementor-button elementor-button-link elementor-size-md\" href=\"https:\/\/villaverdetrieste.it\/?page_id=218\">\n\t\t\t\t\t\t<span class=\"elementor-button-content-wrapper\">\n\t\t\t\t\t\t<span class=\"elementor-button-icon\">\n\t\t\t\t<svg aria-hidden=\"true\" class=\"e-font-icon-svg e-fas-caret-right\" viewBox=\"0 0 192 512\" xmlns=\"http:\/\/www.w3.org\/2000\/svg\"><path d=\"M0 384.662V127.338c0-17.818 21.543-26.741 34.142-14.142l128.662 128.662c7.81 7.81 7.81 20.474 0 28.284L34.142 398.804C21.543 411.404 0 402.48 0 384.662z\"><\/path><\/svg>\t\t\t<\/span>\n\t\t\t\t\t\t\t\t\t<span class=\"elementor-button-text\">Contatti<\/span>\n\t\t\t\t\t<\/span>\n\t\t\t\t\t<\/a>\n\t\t\t\t<\/div>\n\t\t\t\t\t\t<\/div>\n\t\t\t\t<\/div>\n\t\t\t\t\t<\/div>\n\t\t<\/div>\n\t\t\t\t\t<\/div>\n\t\t<\/section>\n\t\t\t\t<\/div>\n\t\t","protected":false},"excerpt":{"rendered":"<p>La residenza Villa Verde offre un servizio di assistenza a 360\u00b0, facciamo sentire a casa le persone che ci hanno scelto. La nostra storia La Residenza Polifunzionale \u00e8 ubicata in una classica villa d\u2019epoca, ampliata per la prima volta nel 2004 e, successivamente, nel 2018. Durante la ristrutturazione dell\u2019edificio abbiamo voluto applicare i pi\u00f9 moderni [&hellip;]<\/p>\n","protected":false},"author":1,"featured_media":0,"parent":0,"menu_order":0,"comment_status":"closed","ping_status":"closed","template":"","meta":{"footnotes":""},"_links":{"self":[{"href":"https:\/\/villaverdetrieste.it\/index.php?rest_route=\/wp\/v2\/pages\/181"}],"collection":[{"href":"https:\/\/villaverdetrieste.it\/index.php?rest_route=\/wp\/v2\/pages"}],"about":[{"href":"https:\/\/villaverdetrieste.it\/index.php?rest_route=\/wp\/v2\/types\/page"}],"author":[{"embeddable":true,"href":"https:\/\/villaverdetrieste.it\/index.php?rest_route=\/wp\/v2\/users\/1"}],"replies":[{"embeddable":true,"href":"https:\/\/villaverdetrieste.it\/index.php?rest_route=%2Fwp%2Fv2%2Fcomments&post=181"}],"version-history":[{"count":37,"href":"https:\/\/villaverdetrieste.it\/index.php?rest_route=\/wp\/v2\/pages\/181\/revisions"}],"predecessor-version":[{"id":768,"href":"https:\/\/villaverdetrieste.it\/index.php?rest_route=\/wp\/v2\/pages\/181\/revisions\/768"}],"wp:attachment":[{"href":"https:\/\/villaverdetrieste.it\/index.php?rest_route=%2Fwp%2Fv2%2Fmedia&parent=181"}],"curies":[{"name":"wp","href":"https:\/\/api.w.org\/{rel}","templated":true}]}}